{"id":103,"date":"2025-04-05T16:27:27","date_gmt":"2025-04-05T16:27:27","guid":{"rendered":"https:\/\/accesoalasalud.euskadi.medicosdelmundo.org\/medicosdelmundo\/?page_id=103"},"modified":"2025-04-05T16:33:09","modified_gmt":"2025-04-05T16:33:09","slug":"alternativas-al-padron","status":"publish","type":"page","link":"https:\/\/accesoalasalud.euskadi.medicosdelmundo.org\/eu\/alternativas-al-padron\/","title":{"rendered":"ERROLDA EZ DIREN BESTE AUKERA BATZUK"},"content":{"rendered":"<div data-elementor-type=\"wp-page\" data-elementor-id=\"103\" class=\"elementor elementor-103\" data-elementor-post-type=\"page\">\n\t\t\t\t<div class=\"elementor-element elementor-element-50d64ca e-flex e-con-boxed e-con e-parent\" data-id=\"50d64ca\" data-element_type=\"container\" data-settings=\"{&quot;background_background&quot;:&quot;classic&quot;}\">\n\t\t\t\t\t<div class=\"e-con-inner\">\n\t\t<div class=\"elementor-element elementor-element-7813cd2 e-con-full e-flex e-con e-child\" data-id=\"7813cd2\" data-element_type=\"container\">\n\t\t\t\t<div class=\"elementor-element elementor-element-667ce49 elementor-widget elementor-widget-heading\" data-id=\"667ce49\" data-element_type=\"widget\" data-widget_type=\"heading.default\">\n\t\t\t\t<div class=\"elementor-widget-container\">\n\t\t\t\t\t<h2 class=\"elementor-heading-title elementor-size-default\">ERROLDA EZ DIREN BESTE AUKERA BATZUK<\/h2>\t\t\t\t<\/div>\n\t\t\t\t<\/div>\n\t\t\t\t<\/div>\n\t\t<div class=\"elementor-element elementor-element-9bddc30 e-con-full elementor-hidden-mobile e-flex e-con e-child\" data-id=\"9bddc30\" data-element_type=\"container\">\n\t\t\t\t<\/div>\n\t\t\t\t\t<\/div>\n\t\t\t\t<\/div>\n\t\t<div class=\"elementor-element elementor-element-f51c54c e-flex e-con-boxed e-con e-parent\" data-id=\"f51c54c\" data-element_type=\"container\">\n\t\t\t\t\t<div class=\"e-con-inner\">\n\t\t<div class=\"elementor-element elementor-element-4a8b436 e-con-full e-flex e-con e-child\" data-id=\"4a8b436\" data-element_type=\"container\">\n\t\t<div class=\"elementor-element elementor-element-5d4c49c e-con-full e-flex e-con e-child\" data-id=\"5d4c49c\" data-element_type=\"container\" data-settings=\"{&quot;background_background&quot;:&quot;classic&quot;}\">\n\t\t<div class=\"elementor-element elementor-element-4f845ab e-con-full e-flex e-con e-child\" data-id=\"4f845ab\" data-element_type=\"container\">\n\t\t\t\t<div class=\"elementor-element elementor-element-ca300bb elementor-widget elementor-widget-heading\" data-id=\"ca300bb\" data-element_type=\"widget\" data-widget_type=\"heading.default\">\n\t\t\t\t<div class=\"elementor-widget-container\">\n\t\t\t\t\t<h2 class=\"elementor-heading-title elementor-size-default translation-block\"><span style=\"color:#1C93C1\">Si no hay padr\u00f3n,<\/span> se puede <span style=\"color:#1C93C1\">presentar uno de los siguientes documentos<\/span> en el Centro de Salud de Atenci\u00f3n Primaria correspondiente o en los Servicios Sociales Municipales:<\/h2>\t\t\t\t<\/div>\n\t\t\t\t<\/div>\n\t\t\t\t<\/div>\n\t\t<div class=\"elementor-element elementor-element-dbac22b e-con-full e-flex e-con e-child\" data-id=\"dbac22b\" data-element_type=\"container\" data-settings=\"{&quot;background_background&quot;:&quot;classic&quot;}\">\n\t\t\t\t<div class=\"elementor-element elementor-element-14c3780 elementor-widget elementor-widget-text-editor\" data-id=\"14c3780\" data-element_type=\"widget\" data-widget_type=\"text-editor.default\">\n\t\t\t\t<div class=\"elementor-widget-container\">\n\t\t\t\t\t\t\t\t\t<ul><li>La solicitud de empadronamiento en un ayuntamiento de la CAE y la respuesta denegatoria de \u00e9ste. La denegaci\u00f3n tendr\u00e1 que haber sido emitida como m\u00e1ximo tres meses antes de la fecha de solicitud de aseguramiento.\u2028<\/li><\/ul><p>\u00a0<\/p><ul><li>Un certificado del registro de visitas emitido por un servicio social de base de un ayuntamiento de la CAE donde consten m\u00e1s de una visita en el plazo de tres meses anteriores a la fecha de la solicitud de aseguramiento.\u2028<\/li><\/ul><p>\u00a0<\/p><ul><li>Un certificado de matriculaci\u00f3n en centro educativo p\u00fablico o concertado de la CAE con fecha anterior en tres meses a la fecha de la solicitud de aseguramiento.\u2028<\/li><\/ul><p>\u00a0<\/p><ul><li>Un certificado de escolarizaci\u00f3n de los hijos en centro educativo p\u00fablico o concertado de la CAE con fecha m\u00e1xima anterior en tres meses a la fecha de la solicitud de aseguramiento. En este caso se debe aportar documentaci\u00f3n acreditativa de la filiaci\u00f3n.\u2028<\/li><\/ul><p>\u00a0<\/p><ul><li>Un registro de asistencias m\u00e9dicas en Osakidetza donde figuren m\u00e1s de una asistencia m\u00e9dica con fecha m\u00e1xima anterior en tres meses a la fecha de la solicitud de aseguramiento.\u2028<\/li><\/ul><p>\u00a0<\/p><ul><li>EAEko erakunde\/entitateren baten gizarte-laguntzak jasotzea akreditatzen duen dokumentu bat. Bertan, laguntza horiek aseguru-eskaera egin baino hiru hilabete baino lehenago jaso direla adierazi beharko da.<\/li><\/ul>\t\t\t\t\t\t\t\t<\/div>\n\t\t\t\t<\/div>\n\t\t\t\t<\/div>\n\t\t\t\t<\/div>\n\t\t<div class=\"elementor-element elementor-element-1ce63ba e-con-full elementor-hidden-mobile e-flex e-con e-child\" data-id=\"1ce63ba\" data-element_type=\"container\">\n\t\t\t\t<\/div>\n\t\t\t\t<\/div>\n\t\t\t\t\t<\/div>\n\t\t\t\t<\/div>\n\t\t\t\t<\/div>","protected":false},"excerpt":{"rendered":"<p>Alternativas al padr\u00f3n Si no hay padr\u00f3n, se puede presentar uno de los siguientes documentos en el Centro de Salud de Atenci\u00f3n Primaria correspondiente o en los Servicios Sociales Municipales: La solicitud de empadronamiento en un ayuntamiento de la CAE y la respuesta denegatoria de \u00e9ste. La denegaci\u00f3n tendr\u00e1 que haber sido emitida como m\u00e1ximo [&hellip;]<\/p>","protected":false},"author":1,"featured_media":0,"parent":0,"menu_order":0,"comment_status":"closed","ping_status":"closed","template":"","meta":{"footnotes":""},"class_list":["post-103","page","type-page","status-publish","hentry"],"_links":{"self":[{"href":"https:\/\/accesoalasalud.euskadi.medicosdelmundo.org\/eu\/wp-json\/wp\/v2\/pages\/103","targetHints":{"allow":["GET"]}}],"collection":[{"href":"https:\/\/accesoalasalud.euskadi.medicosdelmundo.org\/eu\/wp-json\/wp\/v2\/pages"}],"about":[{"href":"https:\/\/accesoalasalud.euskadi.medicosdelmundo.org\/eu\/wp-json\/wp\/v2\/types\/page"}],"author":[{"embeddable":true,"href":"https:\/\/accesoalasalud.euskadi.medicosdelmundo.org\/eu\/wp-json\/wp\/v2\/users\/1"}],"replies":[{"embeddable":true,"href":"https:\/\/accesoalasalud.euskadi.medicosdelmundo.org\/eu\/wp-json\/wp\/v2\/comments?post=103"}],"version-history":[{"count":7,"href":"https:\/\/accesoalasalud.euskadi.medicosdelmundo.org\/eu\/wp-json\/wp\/v2\/pages\/103\/revisions"}],"predecessor-version":[{"id":110,"href":"https:\/\/accesoalasalud.euskadi.medicosdelmundo.org\/eu\/wp-json\/wp\/v2\/pages\/103\/revisions\/110"}],"wp:attachment":[{"href":"https:\/\/accesoalasalud.euskadi.medicosdelmundo.org\/eu\/wp-json\/wp\/v2\/media?parent=103"}],"curies":[{"name":"wp","href":"https:\/\/api.w.org\/{rel}","templated":true}]}}